{"id":29,"date":"2020-09-30T09:45:54","date_gmt":"2020-09-30T09:45:54","guid":{"rendered":"https:\/\/xstore.8theme.com\/elementor\/demos\/medical02\/?page_id=29"},"modified":"2026-05-05T13:58:57","modified_gmt":"2026-05-05T13:58:57","slug":"iletisim","status":"publish","type":"page","link":"http:\/\/www.artoneajans.com\/index.php\/iletisim\/","title":{"rendered":"\u0130leti\u015fim"},"content":{"rendered":"\t\t<div data-elementor-type=\"wp-page\" data-elementor-id=\"29\" class=\"elementor elementor-29\">\n\t\t\t\t<div class=\"elementor-element elementor-element-22b71e04 et-section-stretch e-flex e-con-boxed e-con e-parent\" data-id=\"22b71e04\" data-element_type=\"container\" data-e-type=\"container\" data-settings=\"{&quot;background_background&quot;:&quot;classic&quot;}\">\n\t\t\t\t\t<div class=\"e-con-inner\">\n\t\t\t\t<div class=\"elementor-element elementor-element-648161e1 elementor-align-center elementor-widget elementor-widget-etheme_advanced_headline\" data-id=\"648161e1\" data-element_type=\"widget\" data-e-type=\"widget\" data-widget_type=\"etheme_advanced_headline.default\">\n\t\t\t\t<div class=\"elementor-widget-container\">\n\t\t\t\t\t        \n        <div class=\"etheme-a-h-wrapper\">\n        \n                            <span class=\"etheme-a-h-text-before\">\n                    KAN TAHL\u0130L\u0130M                <\/span>\n            \n\t\t\t\n        <h2 class=\"etheme-advanced-headline etheme-advanced-headline-mask\">\n\n            Bize Ula\u015f\u0131n\n        <\/h2>\n\t\t\n                            <p class=\"etheme-a-h-text-after\">\n                    Detayl\u0131 bilgi ve Randevu Olu\u015fturmak i\u00e7in Bizimle \u0130leti\u015fime Ge\u00e7ebilirsiniz.                <\/p>\n                    \n        <\/div>\n        \n\t\t\t\t\t\t<\/div>\n\t\t\t\t<\/div>\n\t\t\t\t\t<\/div>\n\t\t\t\t<\/div>\n\t\t<div class=\"elementor-element elementor-element-5bf40ca et-section-stretch e-flex e-con-boxed e-con e-parent\" data-id=\"5bf40ca\" data-element_type=\"container\" data-e-type=\"container\">\n\t\t\t\t\t<div class=\"e-con-inner\">\n\t\t<div class=\"elementor-element elementor-element-77bedade e-con-full e-flex e-con e-child\" data-id=\"77bedade\" data-element_type=\"container\" data-e-type=\"container\" data-settings=\"{&quot;background_background&quot;:&quot;classic&quot;}\">\n\t\t\t\t<div class=\"elementor-element elementor-element-397a7bdb elementor-widget elementor-widget-heading\" data-id=\"397a7bdb\" data-element_type=\"widget\" data-e-type=\"widget\" data-widget_type=\"heading.default\">\n\t\t\t\t\t<h2 class=\"elementor-heading-title elementor-size-default\">Bize Ula\u015f\u0131n<\/h2>\t\t\t\t<\/div>\n\t\t\t\t<div class=\"elementor-element elementor-element-63450104 elementor-widget elementor-widget-text-editor\" data-id=\"63450104\" data-element_type=\"widget\" data-e-type=\"widget\" data-widget_type=\"text-editor.default\">\n\t\t\t\t\t\t\t\t\t<p>Detayl\u0131 bilgi ve Randevu almak i\u00e7in bizimle ileti\u015fime ge\u00e7in.<\/p>\t\t\t\t\t\t\t\t<\/div>\n\t\t\t\t<div class=\"elementor-element elementor-element-7c768bc8 elementor-align-left elementor-widget elementor-widget-etheme_icon_box\" data-id=\"7c768bc8\" data-element_type=\"widget\" data-e-type=\"widget\" data-settings=\"{&quot;icon_type&quot;:&quot;icon&quot;}\" data-widget_type=\"etheme_icon_box.default\">\n\t\t\t\t<div class=\"elementor-widget-container\">\n\t\t\t\t\t\t\t\t<div class=\"etheme-icon-box etheme-icon-box-icon-position-left\">\n        \n                            \n                <div class=\"etheme-icon-box-icon etheme-icon-box-icon-type-icon\">\n        \n                <svg xmlns=\"http:\/\/www.w3.org\/2000\/svg\" width=\"1em\" height=\"1em\" viewBox=\"0 0 26 21\" fill=\"none\"><path d=\"M24.5003 4.66669L14.0108 11.3482C13.6549 11.5549 13.2506 11.6638 12.8389 11.6638C12.4273 11.6638 12.0229 11.5549 11.667 11.3482L1.16699 4.66669\" stroke=\"currentColor\" stroke-width=\"2.33333\" stroke-linecap=\"round\" stroke-linejoin=\"round\"><\/path><path d=\"M22.167 1.16669H3.50033C2.21166 1.16669 1.16699 2.21136 1.16699 3.50002V17.5C1.16699 18.7887 2.21166 19.8334 3.50033 19.8334H22.167C23.4557 19.8334 24.5003 18.7887 24.5003 17.5V3.50002C24.5003 2.21136 23.4557 1.16669 22.167 1.16669Z\" stroke=\"currentColor\" stroke-width=\"2.33333\" stroke-linecap=\"round\" stroke-linejoin=\"round\"><\/path><\/svg>        \n                <\/div>\n            \n                <div class=\"etheme-icon-box-content\">\n\t\t\n                                        \n                                            <h3 class=\"etheme-icon-box-title\">\n                            <span>Mail<\/span>\n                        <\/h3>\n                    \t\t\n                                            <p class=\"etheme-icon-box-description\">\n                            info@ kantahlilim.com                        <\/p>\n                    \n                            \n                <\/div>\n\t\t\t<\/div>\n\t\t\t\t\t\t<\/div>\n\t\t\t\t<\/div>\n\t\t\t\t<div class=\"elementor-element elementor-element-23863f82 elementor-align-left elementor-widget elementor-widget-etheme_icon_box\" data-id=\"23863f82\" data-element_type=\"widget\" data-e-type=\"widget\" data-settings=\"{&quot;icon_type&quot;:&quot;icon&quot;}\" data-widget_type=\"etheme_icon_box.default\">\n\t\t\t\t<div class=\"elementor-widget-container\">\n\t\t\t\t\t\t\t\t<div class=\"etheme-icon-box etheme-icon-box-icon-position-left\">\n        \n                            \n                <div class=\"etheme-icon-box-icon etheme-icon-box-icon-type-icon\">\n        \n                <svg xmlns=\"http:\/\/www.w3.org\/2000\/svg\" width=\"1em\" height=\"1em\" viewBox=\"0 0 26 26\" fill=\"none\"><path d=\"M14.971 18.1627C15.2119 18.2733 15.4834 18.2986 15.7406 18.2344C15.9979 18.1701 16.2256 18.0201 16.3862 17.8092L16.8003 17.2667C17.0177 16.9769 17.2995 16.7417 17.6235 16.5797C17.9475 16.4177 18.3048 16.3334 18.667 16.3334H22.167C22.7858 16.3334 23.3793 16.5792 23.8169 17.0168C24.2545 17.4544 24.5003 18.0478 24.5003 18.6667V22.1667C24.5003 22.7855 24.2545 23.379 23.8169 23.8166C23.3793 24.2542 22.7858 24.5 22.167 24.5C16.5974 24.5 11.256 22.2875 7.31775 18.3493C3.37949 14.411 1.16699 9.06957 1.16699 3.50002C1.16699 2.88118 1.41282 2.28769 1.85041 1.8501C2.28799 1.41252 2.88149 1.16669 3.50033 1.16669H7.00033C7.61916 1.16669 8.21266 1.41252 8.65024 1.8501C9.08783 2.28769 9.33366 2.88118 9.33366 3.50002V7.00002C9.33366 7.36226 9.24932 7.71952 9.08732 8.04352C8.92533 8.36752 8.69012 8.64934 8.40033 8.86669L7.85433 9.27619C7.64014 9.43973 7.48918 9.67237 7.42708 9.9346C7.36498 10.1968 7.39557 10.4725 7.51366 10.7147C9.10812 13.9532 11.7305 16.5723 14.971 18.1627Z\" stroke=\"currentColor\" stroke-width=\"2.33333\" stroke-linecap=\"round\" stroke-linejoin=\"round\"><\/path><\/svg>        \n                <\/div>\n            \n                <div class=\"etheme-icon-box-content\">\n\t\t\n                                        \n                                            <h3 class=\"etheme-icon-box-title\">\n                            <span>Telefon<\/span>\n                        <\/h3>\n                    \t\t\n                                            <p class=\"etheme-icon-box-description\">\n                            0 540 560 60 70                        <\/p>\n                    \n                            \n                <\/div>\n\t\t\t<\/div>\n\t\t\t\t\t\t<\/div>\n\t\t\t\t<\/div>\n\t\t\t\t<div class=\"elementor-element elementor-element-510b7f1b elementor-align-left elementor-widget elementor-widget-etheme_icon_box\" data-id=\"510b7f1b\" data-element_type=\"widget\" data-e-type=\"widget\" data-settings=\"{&quot;icon_type&quot;:&quot;icon&quot;}\" data-widget_type=\"etheme_icon_box.default\">\n\t\t\t\t<div class=\"elementor-widget-container\">\n\t\t\t\t\t\t\t\t<div class=\"etheme-icon-box etheme-icon-box-icon-position-left\">\n        \n                            \n                <div class=\"etheme-icon-box-icon etheme-icon-box-icon-type-icon\">\n        \n                <svg xmlns=\"http:\/\/www.w3.org\/2000\/svg\" width=\"1em\" height=\"1em\" viewBox=\"0 0 18 22\" fill=\"none\"><path d=\"M17 9C17 13.993 11.461 19.193 9.601 20.799C9.42772 20.9293 9.2168 20.9998 9 20.9998C8.7832 20.9998 8.57228 20.9293 8.399 20.799C6.539 19.193 1 13.993 1 9C1 6.87827 1.84285 4.84344 3.34315 3.34315C4.84344 1.84285 6.87827 1 9 1C11.1217 1 13.1566 1.84285 14.6569 3.34315C16.1571 4.84344 17 6.87827 17 9Z\" stroke=\"currentColor\" stroke-width=\"2\" stroke-linecap=\"round\" stroke-linejoin=\"round\"><\/path><path d=\"M9 12C10.6569 12 12 10.6569 12 9C12 7.34315 10.6569 6 9 6C7.34315 6 6 7.34315 6 9C6 10.6569 7.34315 12 9 12Z\" stroke=\"currentColor\" stroke-width=\"2\" stroke-linecap=\"round\" stroke-linejoin=\"round\"><\/path><\/svg>        \n                <\/div>\n            \n                <div class=\"etheme-icon-box-content\">\n\t\t\n                                        \n                                            <h3 class=\"etheme-icon-box-title\">\n                            <span>Adres<\/span>\n                        <\/h3>\n                    \t\t\n                                            <p class=\"etheme-icon-box-description\">\n                            Y\u0131ld\u0131ztepe, \u015eht. Y\u0131lmaz Kaan Cd. NO: 23\/A Ba\u011fc\u0131lar\/\u0130stanbul                        <\/p>\n                    \n                            \n                <\/div>\n\t\t\t<\/div>\n\t\t\t\t\t\t<\/div>\n\t\t\t\t<\/div>\n\t\t<div class=\"elementor-element elementor-element-21571f24 e-con-full e-flex e-con e-child\" data-id=\"21571f24\" data-element_type=\"container\" data-e-type=\"container\">\n\t\t\t\t<div class=\"elementor-element elementor-element-7c1c2437 elementor-widget elementor-widget-heading\" data-id=\"7c1c2437\" data-element_type=\"widget\" data-e-type=\"widget\" data-widget_type=\"heading.default\">\n\t\t\t\t\t<p class=\"elementor-heading-title elementor-size-default\">\u00c7al\u0131\u015fma Saatlerimiz<\/p>\t\t\t\t<\/div>\n\t\t\t\t<div class=\"elementor-element elementor-element-7dc5fe5d elementor-widget elementor-widget-heading\" data-id=\"7dc5fe5d\" data-element_type=\"widget\" data-e-type=\"widget\" data-widget_type=\"heading.default\">\n\t\t\t\t\t<p class=\"elementor-heading-title elementor-size-default\">7 \/ 24 A\u00e7\u0131k<\/p>\t\t\t\t<\/div>\n\t\t\t\t<div class=\"elementor-element elementor-element-6fcb469f elementor-widget elementor-widget-heading\" data-id=\"6fcb469f\" data-element_type=\"widget\" data-e-type=\"widget\" data-widget_type=\"heading.default\">\n\t\t\t\t\t<p class=\"elementor-heading-title elementor-size-default\">Bizi Takip Edin.<\/p>\t\t\t\t<\/div>\n\t\t\t\t<\/div>\n\t\t\t\t<\/div>\n\t\t<div class=\"elementor-element elementor-element-30236465 e-con-full e-flex e-con e-child\" data-id=\"30236465\" data-element_type=\"container\" data-e-type=\"container\" data-settings=\"{&quot;background_background&quot;:&quot;classic&quot;}\">\n\t\t\t\t<div class=\"elementor-element elementor-element-85e76c8 elementor-widget elementor-widget-heading\" data-id=\"85e76c8\" data-element_type=\"widget\" data-e-type=\"widget\" data-widget_type=\"heading.default\">\n\t\t\t\t\t<h2 class=\"elementor-heading-title elementor-size-default\">Randevu Formu<\/h2>\t\t\t\t<\/div>\n\t\t\t\t<div class=\"elementor-element elementor-element-2d561be9 etheme-contact-form-7-button-full-width elementor-widget elementor-widget-et-contact-form-7\" data-id=\"2d561be9\" data-element_type=\"widget\" data-e-type=\"widget\" data-widget_type=\"et-contact-form-7.default\">\n\t\t\t\t<div class=\"elementor-widget-container\">\n\t\t\t\t\t                <div class=\"pp-contact-form etheme-contact-form-7 placeholder-show\">\n                                        \n<div class=\"wpcf7 no-js\" id=\"wpcf7-f299-o1\" lang=\"en-US\" dir=\"ltr\" data-wpcf7-id=\"299\">\n<div class=\"screen-reader-response\"><p role=\"status\" aria-live=\"polite\" aria-atomic=\"true\"><\/p> <ul><\/ul><\/div>\n<form action=\"\/index.php\/wp-json\/wp\/v2\/pages\/29#wpcf7-f299-o1\" method=\"post\" class=\"wpcf7-form init\" aria-label=\"Contact form\" novalidate=\"novalidate\" data-status=\"init\">\n<fieldset class=\"hidden-fields-container\"><input type=\"hidden\" name=\"_wpcf7\" value=\"299\" \/><input type=\"hidden\" name=\"_wpcf7_version\" value=\"6.1.5\" \/><input type=\"hidden\" name=\"_wpcf7_locale\" value=\"en_US\" \/><input type=\"hidden\" name=\"_wpcf7_unit_tag\" value=\"wpcf7-f299-o1\" \/><input type=\"hidden\" name=\"_wpcf7_container_post\" value=\"0\" \/><input type=\"hidden\" name=\"_wpcf7_posted_data_hash\" value=\"\" \/>\n<\/fieldset>\n<div class=\"row\">\n\t<div class=\"col-xs-12 col-sm-12 col-md-12 col-lg-12\">\n\t\t<p><span class=\"wpcf7-form-control-wrap\" data-name=\"your-name\"><input size=\"40\" maxlength=\"400\" class=\"wpcf7-form-control wpcf7-text wpcf7-validates-as-required\" aria-required=\"true\" aria-invalid=\"false\" placeholder=\"Ad\u0131n\u0131z Soyad\u0131n\u0131z\" value=\"\" type=\"text\" name=\"your-name\" \/><\/span>\n\t\t<\/p>\n\t<\/div>\n\t<div class=\"col-xs-12 col-sm-12 col-md-12 col-lg-12\">\n\t\t<p><span class=\"wpcf7-form-control-wrap\" data-name=\"your-email\"><input size=\"40\" maxlength=\"400\" class=\"wpcf7-form-control wpcf7-email wpcf7-validates-as-required wpcf7-text wpcf7-validates-as-email\" aria-required=\"true\" aria-invalid=\"false\" placeholder=\"Mail Adresiniz\" value=\"\" type=\"email\" name=\"your-email\" \/><\/span>\n\t\t<\/p>\n\t<\/div>\n\t<div class=\"col-xs-12 col-sm-12 col-md-12 col-lg-12\">\n\t\t<p><span class=\"wpcf7-form-control-wrap\" data-name=\"phone\"><input size=\"40\" maxlength=\"400\" class=\"wpcf7-form-control wpcf7-tel wpcf7-validates-as-required wpcf7-text wpcf7-validates-as-tel\" aria-required=\"true\" aria-invalid=\"false\" placeholder=\"Telefon Numaran\u0131z\" value=\"\" type=\"tel\" name=\"phone\" \/><\/span>\n\t\t<\/p>\n\t<\/div>\n\t<div class=\"col-xs-12 col-sm-12 col-md-12 col-lg-12\">\n\t\t<p><span class=\"wpcf7-form-control-wrap\" data-name=\"services\"><select class=\"wpcf7-form-control wpcf7-select wpcf7-validates-as-required\" aria-required=\"true\" aria-invalid=\"false\" name=\"services\"><option value=\"- Hizmet Se\u00e7iiz -\">- Hizmet Se\u00e7iiz -<\/option><option value=\"Vitamin &amp; Mineral Testi\">Vitamin &amp; Mineral Testi<\/option><option value=\"Diyet Kan Tahlil Listesi\">Diyet Kan Tahlil Listesi<\/option><option value=\"Sa\u00e7 Tahlil Paketi\">Sa\u00e7 Tahlil Paketi<\/option><option value=\"Kalp Sa\u011fl\u0131\u011f\u0131 Tahlil Paketi\">Kalp Sa\u011fl\u0131\u011f\u0131 Tahlil Paketi<\/option><option value=\"Kad\u0131n Hormon Paketi\">Kad\u0131n Hormon Paketi<\/option><option value=\"\u00c7ocuk Check-Up Kan Tahlili\">\u00c7ocuk Check-Up Kan Tahlili<\/option><option value=\"Sporcu Kan Tahlil Paketi (40 Test)\">Sporcu Kan Tahlil Paketi (40 Test)<\/option><option value=\"Erkek Sa\u011fl\u0131\u011f\u0131 Tahlil Paketi\">Erkek Sa\u011fl\u0131\u011f\u0131 Tahlil Paketi<\/option><option value=\"Tiroid Paketi\">Tiroid Paketi<\/option><option value=\"Kad\u0131n Sa\u011fl\u0131\u011f\u0131 Tahlil Paketi\">Kad\u0131n Sa\u011fl\u0131\u011f\u0131 Tahlil Paketi<\/option><option value=\"Geni\u015f Kapsaml\u0131 Vitamin Paketi\">Geni\u015f Kapsaml\u0131 Vitamin Paketi<\/option><option value=\"Cinsel Sa\u011fl\u0131k (Bula\u015f\u0131c\u0131 Hastal\u0131klar) Tarama Paketi\">Cinsel Sa\u011fl\u0131k (Bula\u015f\u0131c\u0131 Hastal\u0131klar) Tarama Paketi<\/option><option value=\"B\u00f6brek Hastal\u0131klar\u0131 Paketi\">B\u00f6brek Hastal\u0131klar\u0131 Paketi<\/option><option value=\"Akne &amp; Cilt Sa\u011fl\u0131\u011f\u0131 Paketi\">Akne &amp; Cilt Sa\u011fl\u0131\u011f\u0131 Paketi<\/option><option value=\"A\u011f\u0131r Metal &amp; \u00c7evresel Toksin Paketi\">A\u011f\u0131r Metal &amp; \u00c7evresel Toksin Paketi<\/option><option value=\"Erkek Cinsel Sa\u011fl\u0131\u011f\u0131 &amp; Libido Paketi\">Erkek Cinsel Sa\u011fl\u0131\u011f\u0131 &amp; Libido Paketi<\/option><option value=\"Kad\u0131n Cinsel Sa\u011fl\u0131\u011f\u0131 &amp; \u0130steksizlik Paketi\">Kad\u0131n Cinsel Sa\u011fl\u0131\u011f\u0131 &amp; \u0130steksizlik Paketi<\/option><option value=\"Evlilik \u00d6ncesi Geni\u015f Tarama Paketi\">Evlilik \u00d6ncesi Geni\u015f Tarama Paketi<\/option><\/select><\/span>\n\t\t<\/p>\n\t<\/div>\n\t<div class=\"col-xs-12 col-sm-12 col-md-12 col-lg-12\">\n\t\t<p><span class=\"wpcf7-form-control-wrap\" data-name=\"reservation-date\"><input class=\"wpcf7-form-control wpcf7-date wpcf7-validates-as-required wpcf7-validates-as-date\" aria-required=\"true\" aria-invalid=\"false\" placeholder=\"Choose Date\" value=\"\" type=\"date\" name=\"reservation-date\" \/><\/span>\n\t\t<\/p>\n\t<\/div>\n\t<div class=\"col-xs-12 col-sm-12 col-md-12 col-lg-12\">\n\t\t<p><span class=\"wpcf7-form-control-wrap\" data-name=\"your-message\"><textarea cols=\"40\" rows=\"10\" maxlength=\"2000\" class=\"wpcf7-form-control wpcf7-textarea wpcf7-validates-as-required\" aria-required=\"true\" aria-invalid=\"false\" placeholder=\"Mesaj\u0131n\u0131z\" name=\"your-message\"><\/textarea><\/span>\n\t\t<\/p>\n\t<\/div>\n\t<div class=\"col-xs-12 col-sm-12 col-md-12 col-lg-12\">\n\t\t<p><input class=\"wpcf7-form-control wpcf7-submit has-spinner\" type=\"submit\" value=\"Randevu Olu\u015ftur\" \/>\n\t\t<\/p>\n\t<\/div>\n<\/div><div class=\"wpcf7-response-output\" aria-hidden=\"true\"><\/div>\n<\/form>\n<\/div>\n                <\/div>\n                \t\t\t\t<\/div>\n\t\t\t\t<\/div>\n\t\t\t\t<\/div>\n\t\t\t\t\t<\/div>\n\t\t\t\t<\/div>\n\t\t\t\t<\/div>\n\t\t","protected":false},"excerpt":{"rendered":"<p>KAN TAHL\u0130L\u0130M Bize Ula\u015f\u0131n Detayl\u0131 bilgi ve Randevu Olu\u015fturmak i\u00e7in Bizimle \u0130leti\u015fime Ge\u00e7ebilirsiniz. Bize Ula\u015f\u0131n Detayl\u0131 bilgi ve Randevu almak i\u00e7in bizimle ileti\u015fime ge\u00e7in. Mail&#8230;<\/p>\n","protected":false},"author":1,"featured_media":0,"parent":0,"menu_order":0,"comment_status":"closed","ping_status":"closed","template":"","meta":{"footnotes":""},"class_list":["post-29","page","type-page","status-publish","hentry"],"_links":{"self":[{"href":"http:\/\/www.artoneajans.com\/index.php\/wp-json\/wp\/v2\/pages\/29","targetHints":{"allow":["GET"]}}],"collection":[{"href":"http:\/\/www.artoneajans.com\/index.php\/wp-json\/wp\/v2\/pages"}],"about":[{"href":"http:\/\/www.artoneajans.com\/index.php\/wp-json\/wp\/v2\/types\/page"}],"author":[{"embeddable":true,"href":"http:\/\/www.artoneajans.com\/index.php\/wp-json\/wp\/v2\/users\/1"}],"replies":[{"embeddable":true,"href":"http:\/\/www.artoneajans.com\/index.php\/wp-json\/wp\/v2\/comments?post=29"}],"version-history":[{"count":25,"href":"http:\/\/www.artoneajans.com\/index.php\/wp-json\/wp\/v2\/pages\/29\/revisions"}],"predecessor-version":[{"id":1271,"href":"http:\/\/www.artoneajans.com\/index.php\/wp-json\/wp\/v2\/pages\/29\/revisions\/1271"}],"wp:attachment":[{"href":"http:\/\/www.artoneajans.com\/index.php\/wp-json\/wp\/v2\/media?parent=29"}],"curies":[{"name":"wp","href":"https:\/\/api.w.org\/{rel}","templated":true}]}}