{"id":28,"date":"2020-09-30T09:45:43","date_gmt":"2020-09-30T09:45:43","guid":{"rendered":"https:\/\/xstore.8theme.com\/elementor\/demos\/medical02\/?page_id=28"},"modified":"2026-05-04T19:58:43","modified_gmt":"2026-05-04T19:58:43","slug":"hakkimizda","status":"publish","type":"page","link":"http:\/\/www.artoneajans.com\/index.php\/hakkimizda\/","title":{"rendered":"Hakk\u0131m\u0131zda"},"content":{"rendered":"\t\t<div data-elementor-type=\"wp-page\" data-elementor-id=\"28\" class=\"elementor elementor-28\">\n\t\t\t\t<div class=\"elementor-element elementor-element-2895d54 e-flex e-con-boxed e-con e-parent\" data-id=\"2895d54\" data-element_type=\"container\" data-e-type=\"container\">\n\t\t\t\t\t<div class=\"e-con-inner\">\n\t\t\t\t<div class=\"elementor-element elementor-element-f3c5557 elementor-widget elementor-widget-text-editor\" data-id=\"f3c5557\" data-element_type=\"widget\" data-e-type=\"widget\" data-widget_type=\"text-editor.default\">\n\t\t\t\t\t\t\t\t\t<p data-start=\"394\" data-end=\"743\">Kantahlilim.com, bireylerin sa\u011fl\u0131k durumunu h\u0131zl\u0131, g\u00fcvenilir ve detayl\u0131 \u015fekilde \u00f6\u011frenebilmesi i\u00e7in kapsaml\u0131 <strong data-start=\"502\" data-end=\"517\">kan tahlili<\/strong>, <strong data-start=\"519\" data-end=\"541\">check-up paketleri<\/strong> ve <strong data-start=\"545\" data-end=\"573\">sa\u011fl\u0131k tarama hizmetleri<\/strong> sunan dijital bir platformdur. Modern laboratuvar altyap\u0131s\u0131 ve uzman i\u015f ortaklar\u0131 ile T\u00fcrkiye genelinde kaliteli ve eri\u015filebilir sa\u011fl\u0131k \u00e7\u00f6z\u00fcmleri sa\u011flamay\u0131 hedefliyoruz.<\/p><p data-start=\"745\" data-end=\"1081\">G\u00fcn\u00fcm\u00fczde erken te\u015fhis, sa\u011fl\u0131kl\u0131 bir ya\u015fam\u0131n en \u00f6nemli ad\u0131mlar\u0131ndan biridir. Bu nedenle Kantahlilim.com olarak; <strong data-start=\"857\" data-end=\"889\">vitamin eksikli\u011fi tahlilleri<\/strong>, <strong data-start=\"891\" data-end=\"910\">hormon testleri<\/strong>, <strong data-start=\"912\" data-end=\"936\">kan de\u011ferleri \u00f6l\u00e7\u00fcm\u00fc<\/strong>, <strong data-start=\"938\" data-end=\"964\">metabolizma analizleri<\/strong> ve <strong data-start=\"968\" data-end=\"999\">kapsaml\u0131 check-up paketleri<\/strong> ile kullan\u0131c\u0131lar\u0131m\u0131z\u0131n ihtiya\u00e7 duydu\u011fu t\u00fcm testleri tek bir platformda sunuyoruz.<\/p><h3 data-section-id=\"1qbnvpz\" data-start=\"1083\" data-end=\"1121\">Geni\u015f Kapsaml\u0131 Tahlil Paketlerimiz<\/h3><p data-start=\"1123\" data-end=\"1184\">Kantahlilim.com \u00fczerinden ula\u015fabilece\u011finiz ba\u015fl\u0131ca hizmetler:<\/p><ul data-start=\"1186\" data-end=\"1927\"><li data-section-id=\"1yffcvb\" data-start=\"1186\" data-end=\"1266\"><strong data-start=\"1188\" data-end=\"1218\">Vitamin &amp; Mineral Testleri<\/strong> (B12, D vitamini, demir, ferritin, \u00e7inko vb.)<\/li><li data-section-id=\"1f8eyi1\" data-start=\"1267\" data-end=\"1353\"><strong data-start=\"1269\" data-end=\"1304\">Diyet ve Metabolizma Tahlilleri<\/strong> (glukoz, ins\u00fclin, HbA1c, kolesterol de\u011ferleri)<\/li><li data-section-id=\"1qzjiyl\" data-start=\"1354\" data-end=\"1405\"><strong data-start=\"1356\" data-end=\"1403\">Sa\u00e7 D\u00f6k\u00fclmesi ve Vitamin Eksikli\u011fi Testleri<\/strong><\/li><li data-section-id=\"1bzpety\" data-start=\"1406\" data-end=\"1475\"><strong data-start=\"1408\" data-end=\"1441\">Kalp Sa\u011fl\u0131\u011f\u0131 Tahlil Paketleri<\/strong> (kolesterol, CRP, troponin vb.)<\/li><li data-section-id=\"1jc7bup\" data-start=\"1476\" data-end=\"1532\"><strong data-start=\"1478\" data-end=\"1530\">Kad\u0131n Hormon Testleri ve Kad\u0131n Sa\u011fl\u0131\u011f\u0131 Paketleri<\/strong><\/li><li data-section-id=\"19egy1d\" data-start=\"1533\" data-end=\"1570\"><strong data-start=\"1535\" data-end=\"1568\">Erkek Sa\u011fl\u0131\u011f\u0131 ve PSA Testleri<\/strong><\/li><li data-section-id=\"jley62\" data-start=\"1571\" data-end=\"1615\"><strong data-start=\"1573\" data-end=\"1613\">\u00c7ocuk Check-Up ve Geli\u015fim Tahlilleri<\/strong><\/li><li data-section-id=\"xkffxg\" data-start=\"1616\" data-end=\"1667\"><strong data-start=\"1618\" data-end=\"1665\">Sporcu Kan Tahlili ve Performans Analizleri<\/strong><\/li><li data-section-id=\"1bq6z3c\" data-start=\"1668\" data-end=\"1705\"><strong data-start=\"1670\" data-end=\"1703\">Tiroid Testleri (TSH, T3, T4)<\/strong><\/li><li data-section-id=\"i3xcw5\" data-start=\"1706\" data-end=\"1757\"><strong data-start=\"1708\" data-end=\"1755\">Cinsel Sa\u011fl\u0131k ve Bula\u015f\u0131c\u0131 Hastal\u0131k Testleri<\/strong><\/li><li data-section-id=\"1iemdc\" data-start=\"1758\" data-end=\"1804\"><strong data-start=\"1760\" data-end=\"1802\">B\u00f6brek ve Karaci\u011fer Fonksiyon Testleri<\/strong><\/li><li data-section-id=\"1rpup7i\" data-start=\"1805\" data-end=\"1844\"><strong data-start=\"1807\" data-end=\"1842\">Cilt, Akne ve Hormon Analizleri<\/strong><\/li><li data-section-id=\"ywky8n\" data-start=\"1845\" data-end=\"1882\"><strong data-start=\"1847\" data-end=\"1880\">A\u011f\u0131r Metal ve Toksin Testleri<\/strong><\/li><li data-section-id=\"1tepom4\" data-start=\"1883\" data-end=\"1927\"><strong data-start=\"1885\" data-end=\"1927\">Evlilik \u00d6ncesi Sa\u011fl\u0131k Tarama Paketleri<\/strong><\/li><\/ul><p data-start=\"1929\" data-end=\"2060\">T\u00fcm testler, g\u00fcncel t\u0131bbi standartlara uygun olarak analiz edilmekte ve sonu\u00e7lar h\u0131zl\u0131 bir \u015fekilde kullan\u0131c\u0131larla payla\u015f\u0131lmaktad\u0131r.<\/p><h3 data-section-id=\"k9itba\" data-start=\"2062\" data-end=\"2088\">Neden Kantahlilim.com?<\/h3><ul data-start=\"2090\" data-end=\"2340\"><li data-section-id=\"y4ts87\" data-start=\"2090\" data-end=\"2138\">G\u00fcvenilir ve do\u011fru <strong data-start=\"2111\" data-end=\"2136\">kan tahlili sonu\u00e7lar\u0131<\/strong><\/li><li data-section-id=\"j0o5hc\" data-start=\"2139\" data-end=\"2197\">Geni\u015f kapsaml\u0131 ve uygun fiyatl\u0131 <strong data-start=\"2173\" data-end=\"2195\">check-up paketleri<\/strong><\/li><li data-section-id=\"19xro5r\" data-start=\"2198\" data-end=\"2242\">Kolay online se\u00e7im ve h\u0131zl\u0131 i\u015flem s\u00fcreci<\/li><li data-section-id=\"1nv50xd\" data-start=\"2243\" data-end=\"2290\">Uzman destek ve profesyonel hizmet anlay\u0131\u015f\u0131<\/li><li data-section-id=\"17cuj47\" data-start=\"2291\" data-end=\"2340\">T\u00fcrkiye genelinde eri\u015filebilir sa\u011fl\u0131k hizmeti<\/li><\/ul><p data-start=\"2342\" data-end=\"2581\">Kantahlilim.com, sa\u011fl\u0131\u011f\u0131n\u0131 \u00f6nemseyen herkes i\u00e7in pratik, g\u00fcvenilir ve kapsaml\u0131 bir \u00e7\u00f6z\u00fcm sunar. \u0130ster rutin kontrol ister detayl\u0131 bir sa\u011fl\u0131k taramas\u0131 yapt\u0131rmak isteyin, ihtiyac\u0131n\u0131za uygun <strong data-start=\"2530\" data-end=\"2557\">kan tahlili paketlerini<\/strong> kolayca se\u00e7ebilirsiniz.<\/p><h3 data-section-id=\"7bw0ad\" data-start=\"2583\" data-end=\"2610\">Sa\u011fl\u0131\u011f\u0131n\u0131z\u0131 Ertelemeyin<\/h3><p data-start=\"2612\" data-end=\"2896\">D\u00fczenli yap\u0131lan kan tahlilleri sayesinde bir\u00e7ok hastal\u0131k erken evrede tespit edilebilir. Siz de sa\u011fl\u0131\u011f\u0131n\u0131z\u0131 kontrol alt\u0131na almak, de\u011ferlerinizi \u00f6\u011frenmek ve bilin\u00e7li bir ya\u015fam s\u00fcrmek i\u00e7in Kantahlilim.com\u2019un sundu\u011fu <strong data-start=\"2826\" data-end=\"2875\">online kan tahlili ve check-up hizmetlerinden<\/strong> faydalanabilirsiniz.<\/p>\t\t\t\t\t\t\t\t<\/div>\n\t\t\t\t\t<\/div>\n\t\t\t\t<\/div>\n\t\t<div class=\"elementor-element elementor-element-62a17de e-flex e-con-boxed e-con e-parent\" data-id=\"62a17de\" data-element_type=\"container\" data-e-type=\"container\">\n\t\t\t\t\t<div class=\"e-con-inner\">\n\t\t\t\t<div class=\"elementor-element elementor-element-360a480 elementor-widget elementor-widget-image\" data-id=\"360a480\" data-element_type=\"widget\" data-e-type=\"widget\" data-widget_type=\"image.default\">\n\t\t\t\t\t\t\t\t\t\t\t\t\t\t\t<img loading=\"lazy\" loading=\"lazy\" decoding=\"async\" width=\"2560\" height=\"1440\" src=\"http:\/\/www.artoneajans.com\/wp-content\/uploads\/2026\/05\/Kantahlilim-Hakkimizda-scaled.png\" class=\"attachment-full size-full wp-image-913\" alt=\"\" srcset=\"http:\/\/www.artoneajans.com\/wp-content\/uploads\/2026\/05\/Kantahlilim-Hakkimizda-scaled.png 2560w, http:\/\/www.artoneajans.com\/wp-content\/uploads\/2026\/05\/Kantahlilim-Hakkimizda-300x169.png 300w, http:\/\/www.artoneajans.com\/wp-content\/uploads\/2026\/05\/Kantahlilim-Hakkimizda-1024x576.png 1024w, http:\/\/www.artoneajans.com\/wp-content\/uploads\/2026\/05\/Kantahlilim-Hakkimizda-768x432.png 768w, http:\/\/www.artoneajans.com\/wp-content\/uploads\/2026\/05\/Kantahlilim-Hakkimizda-1536x864.png 1536w, http:\/\/www.artoneajans.com\/wp-content\/uploads\/2026\/05\/Kantahlilim-Hakkimizda-2048x1152.png 2048w, http:\/\/www.artoneajans.com\/wp-content\/uploads\/2026\/05\/Kantahlilim-Hakkimizda-1x1.png 1w, http:\/\/www.artoneajans.com\/wp-content\/uploads\/2026\/05\/Kantahlilim-Hakkimizda-10x6.png 10w\" sizes=\"auto, (max-width: 2560px) 100vw, 2560px\" \/>\t\t\t\t\t\t\t\t\t\t\t\t\t\t\t<\/div>\n\t\t\t\t\t<\/div>\n\t\t\t\t<\/div>\n\t\t\t\t<\/div>\n\t\t","protected":false},"excerpt":{"rendered":"<p>Kantahlilim.com, bireylerin sa\u011fl\u0131k durumunu h\u0131zl\u0131, g\u00fcvenilir ve detayl\u0131 \u015fekilde \u00f6\u011frenebilmesi i\u00e7in kapsaml\u0131 kan tahlili, check-up paketleri ve sa\u011fl\u0131k tarama hizmetleri sunan dijital bir platformdur. Modern&#8230;<\/p>\n","protected":false},"author":1,"featured_media":0,"parent":0,"menu_order":0,"comment_status":"closed","ping_status":"closed","template":"","meta":{"footnotes":""},"class_list":["post-28","page","type-page","status-publish","hentry"],"_links":{"self":[{"href":"http:\/\/www.artoneajans.com\/index.php\/wp-json\/wp\/v2\/pages\/28","targetHints":{"allow":["GET"]}}],"collection":[{"href":"http:\/\/www.artoneajans.com\/index.php\/wp-json\/wp\/v2\/pages"}],"about":[{"href":"http:\/\/www.artoneajans.com\/index.php\/wp-json\/wp\/v2\/types\/page"}],"author":[{"embeddable":true,"href":"http:\/\/www.artoneajans.com\/index.php\/wp-json\/wp\/v2\/users\/1"}],"replies":[{"embeddable":true,"href":"http:\/\/www.artoneajans.com\/index.php\/wp-json\/wp\/v2\/comments?post=28"}],"version-history":[{"count":9,"href":"http:\/\/www.artoneajans.com\/index.php\/wp-json\/wp\/v2\/pages\/28\/revisions"}],"predecessor-version":[{"id":1275,"href":"http:\/\/www.artoneajans.com\/index.php\/wp-json\/wp\/v2\/pages\/28\/revisions\/1275"}],"wp:attachment":[{"href":"http:\/\/www.artoneajans.com\/index.php\/wp-json\/wp\/v2\/media?parent=28"}],"curies":[{"name":"wp","href":"https:\/\/api.w.org\/{rel}","templated":true}]}}